{"id":29,"date":"2021-12-16T18:24:25","date_gmt":"2021-12-16T17:24:25","guid":{"rendered":"https:\/\/testen-queichheim.de\/?page_id=29"},"modified":"2021-12-23T12:03:12","modified_gmt":"2021-12-23T11:03:12","slug":"quick-check-in","status":"publish","type":"page","link":"https:\/\/testen-queichheim.de\/?page_id=29","title":{"rendered":"Quick-Check-in"},"content":{"rendered":"\n<p><strong><strong>Hier k\u00f6nnen Sie sich einen QR-Code erstellen mit dem vor Ort eine Daten\u00fcbernahme zur schneller Erfassung m\u00f6glich ist. <\/strong><\/strong><\/p>\n\n\n\n<p>(Die Ausweisnummer ist optional)<\/p>\n\n\n<style>\n\t#ctr-quickcheckin {\n\t\ttable-layout: fixed;\n\t}\n\n\t#ctr-quickcheckin,\n\t#ctr-quickcheckin th,\n\t#ctr-quickcheckin td {\n\t\tborder: 0 none;\n\t}\n\n\t#ctr-quickcheckin input::placeholder,\n\t#ctr-quickcheckin select.show-placeholder,\n\t#ctr-quickcheckin select option:first-child {\n\t\tcolor: #777;\n\t}\n\n\t#ctr-quickcheckin select.show-placeholder option {\n\t\tcolor: #000;\n\t}\n\n\t#ctr-quickcheckin input.ctr-quickcheckin-hidden {\n\t\tz-index: -1;\n\t\tposition: absolute;\n\t\twidth: 1px;\n\t\theight: 1px;\n\t\ttop: -100vh;\n\t\tleft: -100vw;\n\t}\n\t#ctr-quickcheckin-result {\n\t\ttext-align: center;\n\t}\n\t#ctr-quickcheckin-qrcode {\n\t\tdisplay: block;\n\t\tmargin: auto;\n\t\tmargin-bottom: 1em;\n\t\ttext-align: center;\n\t\tmax-width: 100%;\n\t\theight: auto;\n\t\tscroll-margin: 4em;\n\t}\n\n\t#ctr-quickcheckin-save {\n\t\tdisplay: inline-block;\n\t}\n\n\t#ctr-quickcheckin input + label {\n\t\tdisplay: inline-block;\n\t}\n\n\t#ctr-quickcheckin th {\n\t\tvertical-align: top;\n\t\twidth: 33%;\n\t}\n\n\t#ctr-quickcheckin td.ctr-datatransfer-options p {\n\t\tmargin: 0 0 0em 0;\n\t}\n\n\t#ctr-quickcheckin td.ctr-datatransfer-options .disclaimer {\n\t\tfont-size: 0.85em;\n\t\tfont-style: italic;\n\t\tpadding-left: 0.25em;\n\t\tmargin-bottom: 1em;\n\t}\n\n\t#ctr-qci-date-select-wrapper {\n\t\tdisplay: flex;\n\t}\n\n\t#ctr-qci-date-select-wrapper > * {\n\t\tflex-grow: 1;\n\t\twidth: auto;\n\t\tmargin: 0;\n\t}\n\n\t@media screen and (max-width: 699px) {\n\t\t#ctr-quickcheckin th,\n\t\t#ctr-quickcheckin td {\n\t\t\tdisplay: block;\n\t\t}\n\n\t\t#ctr-quickcheckin th {\n\t\t\tpadding-bottom: 0;\n\t\t\tmargin-bottom: 0;\n\t\t\twidth: 100%;\n\t\t}\n\n\t\t#ctr-quickcheckin th label {\n\t\t\tmargin: 0 0 0.5rem 0;\n\t\t}\n\n\t\t#ctr-quickcheckin td {\n\t\t\tpadding-top: 0;\n\t\t\tmargin-top: 0;\n\t\t}\n\t}\n<\/style>\n<table id=\"ctr-quickcheckin\">\n\t<tr>\n\t\t<th><label for=\"ctr-quickcheckin-lastname\">Nachname<\/label><\/th>\n\t\t<td><input type=\"text\" id=\"ctr-quickcheckin-lastname\" autocomplete=\"family-name\" \/><\/td>\n\t<\/tr>\n\t<tr>\n\t\t<th><label for=\"ctr-quickcheckin-firstname\">Vorname<\/label><\/th>\n\t\t<td><input type=\"text\" id=\"ctr-quickcheckin-firstname\" autocomplete=\"given-name\" \/><\/td>\n\t<\/tr>\n\t<tr>\n\t\t<th><label for=\"ctr-quickcheckin-dateofbirth\">Geburtsdatum<\/label><\/th>\n\t\t<td><input type=\"date\" id=\"ctr-quickcheckin-dateofbirth\" autocomplete=\"bday\" placeholder=\"YYYY-mm-dd\" \/><\/td>\n\t<\/tr>\n\t<tr>\n\t\t<th><label for=\"ctr-quickcheckin-email\">E-Mail-Adresse<\/label><\/th>\n\t\t<td><input type=\"email\" id=\"ctr-quickcheckin-email\" autocomplete=\"email\" \/><\/td>\n\t<\/tr>\n\t\t<tr>\n\t\t<th><label for=\"ctr-quickcheckin-email-repeat\">E-Mail-Adresse (wiederholen)<\/label><\/th>\n\t\t<td><input type=\"email\" id=\"ctr-quickcheckin-email-repeat\" autocomplete=\"email\" \/><\/td>\n\t<\/tr>\n\t\t<tr>\n\t\t<th><label for=\"ctr-quickcheckin-phone\">Telefonnummer<\/label><\/th>\n\t\t<td><input type=\"tel\" id=\"ctr-quickcheckin-phone\" autocomplete=\"tel\" \/><\/td>\n\t<\/tr>\n\t<tr>\n\t\t<th><label for=\"ctr-quickcheckin-address\">Anschrift<\/label><\/th>\n\t\t<td>\n\t\t\t<input type=\"text\" tabindex=\"-1\" id=\"ctr-quickcheckin-street\" class=\"ctr-quickcheckin-hidden\" autocomplete=\"street-address\">\n\t\t\t<input type=\"text\" tabindex=\"-1\" id=\"ctr-quickcheckin-postcode\" class=\"ctr-quickcheckin-hidden\" autocomplete=\"postal-code\">\n\t\t\t<input type=\"text\" tabindex=\"-1\" id=\"ctr-quickcheckin-city\" class=\"ctr-quickcheckin-hidden\" autocomplete=\"address-level2\">\n\t\t\t<input type=\"text\" tabindex=\"-1\" id=\"ctr-quickcheckin-state\" class=\"ctr-quickcheckin-hidden\" autocomplete=\"address-level1\">\n\t\t\t<input type=\"text\" tabindex=\"-1\" id=\"ctr-quickcheckin-country\" class=\"ctr-quickcheckin-hidden\" autocomplete=\"country\">\n\t\t\t<textarea type=\"text\" id=\"ctr-quickcheckin-address\" rows=\"3\" autocomplete=\"address-full\"><\/textarea>\n\t\t<\/td>\n\t<\/tr>\n\t<tr>\n\t\t<th><label for=\"ctr-quickcheckin-passport\">Ausweisnummer<\/label><\/th>\n\t\t<td><input type=\"text\" id=\"ctr-quickcheckin-passport\" \/><\/td>\n\t<\/tr>\t<tr>\n\t\t<td colspan=\"2\">\n\t\t<label for=\"ctr-quickcheckin-confirmation_checkbox\"><input type=\"checkbox\" id=\"ctr-quickcheckin-confirmation_checkbox\" required>&nbsp;Die Daten werden \u00fcber dieses Formular nicht an andere Systeme \u00fcbertragen, sondern bleiben im QR-Code auf dem Ger\u00e4t oder auf Papier encodiert. Ich bin damit einverstanden, dass die Daten beim Einscannen an der Teststation zum Zweck der Durchf\u00fchrung und Abrechnung des Tests \u00fcbertragen und gespeichert werden.\r\n\r\nHier muss noch der Datenschutzhinweis hin.<\/label>\n\t\t<\/td>\n\t<\/tr>\n\t<\/table>\n<p>Halten Sie nach der Erstellung des QR-Codes entweder diese Seite ge\u00f6ffnet, oder speichern Sie die Grafik auf Ihrem Ger\u00e4t ab. Der Code wird bei der Registrierung Ihres Tests abgescannt.<\/p>\n<p>\n\t<button type=\"button\" class=\"button\" id=\"ctr-quickcheckin-generate\">QR-Code erstellen<\/button>\n<\/p>\n<p id=\"ctr-quickcheckin-result\" style=\"display:none\">\n\t<img id=\"ctr-quickcheckin-qrcode\" hidden>\n\t<a href=\"#\" type=\"button\" class=\"button\" id=\"ctr-quickcheckin-save\" style=\"display:none\">QR-Code speichern<\/a>\n<\/p>\n\n\n\n\n<p><\/p>\n","protected":false},"excerpt":{"rendered":"<p>Hier k\u00f6nnen Sie sich einen QR-Code erstellen mit dem vor Ort eine Daten\u00fcbernahme zur schneller Erfassung m\u00f6glich ist. (Die Ausweisnummer ist optional)<\/p>\n","protected":false},"author":1,"featured_media":0,"parent":0,"menu_order":0,"comment_status":"closed","ping_status":"closed","template":"","meta":[],"_links":{"self":[{"href":"https:\/\/testen-queichheim.de\/index.php?rest_route=\/wp\/v2\/pages\/29"}],"collection":[{"href":"https:\/\/testen-queichheim.de\/index.php?rest_route=\/wp\/v2\/pages"}],"about":[{"href":"https:\/\/testen-queichheim.de\/index.php?rest_route=\/wp\/v2\/types\/page"}],"author":[{"embeddable":true,"href":"https:\/\/testen-queichheim.de\/index.php?rest_route=\/wp\/v2\/users\/1"}],"replies":[{"embeddable":true,"href":"https:\/\/testen-queichheim.de\/index.php?rest_route=%2Fwp%2Fv2%2Fcomments&post=29"}],"version-history":[{"count":2,"href":"https:\/\/testen-queichheim.de\/index.php?rest_route=\/wp\/v2\/pages\/29\/revisions"}],"predecessor-version":[{"id":116,"href":"https:\/\/testen-queichheim.de\/index.php?rest_route=\/wp\/v2\/pages\/29\/revisions\/116"}],"wp:attachment":[{"href":"https:\/\/testen-queichheim.de\/index.php?rest_route=%2Fwp%2Fv2%2Fmedia&parent=29"}],"curies":[{"name":"wp","href":"https:\/\/api.w.org\/{rel}","templated":true}]}}