{"id":75,"date":"2021-12-18T21:07:26","date_gmt":"2021-12-18T20:07:26","guid":{"rendered":"https:\/\/testen-queichheim.de\/?page_id=75"},"modified":"2021-12-21T20:15:49","modified_gmt":"2021-12-21T19:15:49","slug":"termin-buchen","status":"publish","type":"page","link":"https:\/\/testen-queichheim.de\/?page_id=75","title":{"rendered":"Termin buchen"},"content":{"rendered":"\n<p>Um Ihnen kurze Wartezeiten zu erm\u00f6glichen, k\u00f6nnen Sie einen Termin vereinbaren und werden dann bevorzugt getestet. \u00dcber die Weihnachtsfeiertage gelten auch hier im Kalender die Sonder\u00f6ffnungszeiten. Unsere regul\u00e4ren \u00d6ffnungszeiten au\u00dferhalb der Feiertage k\u00f6nnen Sie der Willkommens Seite entnehmen.<\/p>\n\n\n\n<div class=\"wp-block-bookly-form\"><!--\nPlugin Name: Bookly \u2013 Responsive WordPress Appointment Booking and Scheduling Plugin\nPlugin URI: https:\/\/www.booking-wp-plugin.com\/?utm_source=bookly_admin&utm_medium=plugins_page&utm_campaign=plugins_page\nVersion: 21.2-->\n    <style type=\"text\/css\">\n        \/* Color *\/\n        .bookly-form .bookly-form-group > label,\n        .bookly-form .bookly-label-error,\n        .bookly-form .bookly-progress-tracker > .active,\n        .bookly-form .picker__nav--next,\n        .bookly-form .pickadate__nav--prev,\n        .bookly-form .picker__day:hover,\n        .bookly-form .picker__day--selected:hover,\n        .bookly-form .picker--opened .picker__day--selected,\n        .bookly-form .picker__button--clear,\n        .bookly-form .picker__button--today,\n        .bookly-form .bookly-columnizer .bookly-hour span.bookly-waiting-list {\n            color: #f4662f !important;\n        }\n\n        \/* Background *\/\n        .bookly-form .bookly-progress-tracker > .active .step,\n        .bookly-form .picker__frame,\n        .bookly-form .bookly-service-step .bookly-week-days label,\n        .bookly-form .bookly-repeat-step .bookly-week-days label,\n        .bookly-form .bookly-columnizer .bookly-hour:active .bookly-hour-icon span,\n        .bookly-form .bookly-btn,\n        .bookly-form .bookly-btn:active,\n        .bookly-form .bookly-btn:focus,\n        .bookly-form .bookly-btn:hover,\n        .bookly-form .bookly-btn-submit,\n        .bookly-form .bookly-round,\n        .bookly-form .bookly-square,\n        .bookly-form .bookly-pagination > li.active {\n            background-color: #f4662f !important;\n        }\n\n        .bookly-form .bookly-triangle {\n            border-bottom-color: #f4662f !important;\n        }\n\n        \/* Border *\/\n        .bookly-form input[type=\"text\"].bookly-error,\n        .bookly-form input[type=\"password\"].bookly-error,\n        .bookly-form select.bookly-error,\n        .bookly-form textarea.bookly-error,\n        .bookly-form .bookly-week-days.bookly-error,\n        .bookly-extra-step div.bookly-extras-thumb.bookly-extras-selected {\n            border: 2px solid #f4662f !important;\n        }\n\n        \/* Other *\/\n        .bookly-form .picker__header {\n            border-bottom: 1px solid #f4662f !important;\n        }\n\n        .bookly-form .picker__nav--next:before {\n            border-left: 6px solid #f4662f !important;\n        }\n\n        .bookly-form .picker__nav--prev:before {\n            border-right: 6px solid #f4662f !important;\n        }\n\n        .bookly-form .bookly-service-step .bookly-week-days label.active, .bookly-form .bookly-repeat-step .bookly-week-days label.active {\n            background: #f4662f url(https:\/\/testen-queichheim.de\/wp-content\/plugins\/bookly-responsive-appointment-booking-tool\/frontend\/resources\/images\/checkbox.png) 0 0 no-repeat !important;\n        }\n\n        .bookly-form .bookly-columnizer .bookly-day, .bookly-form .bookly-schedule-date {\n            background: #f4662f !important;\n            border: 1px solid #f4662f !important;\n        }\n\n        .bookly-form .bookly-pagination > li.active a {\n            border: 1px solid #f4662f !important;\n        }\n\n        .bookly-form .bookly-columnizer .bookly-hour:active {\n            border: 2px solid #f4662f !important;\n            color: #f4662f !important;\n        }\n\n        .bookly-form .bookly-columnizer .bookly-hour:active .bookly-hour-icon {\n            background: none;\n            border: 2px solid #f4662f !important;\n            color: #f4662f !important;\n            width: auto;\n            height: auto;\n            padding: 3px;\n            border-radius: 25px;\n            margin-right: 3px;\n        }\n\n        .bookly-form .bookly-columnizer .bookly-hour:active .bookly-hour-icon span {\n            background-color: #f4662f !important;\n            width: 8px;\n            height: 8px;\n            border-radius: 10px;\n            display: block;\n        }\n\n        @media (hover) {\n            .bookly-form .bookly-columnizer .bookly-hour:hover {\n                border: 2px solid #f4662f !important;\n                color: #f4662f !important;\n            }\n\n            .bookly-form .bookly-columnizer .bookly-hour:hover .bookly-hour-icon {\n                background: none;\n                border: 2px solid #f4662f !important;\n                color: #f4662f !important;\n            }\n\n            .bookly-form .bookly-columnizer .bookly-hour:hover .bookly-hour-icon span {\n                background-color: #f4662f !important;\n            }\n        }\n    <\/style>\n\n<div id=\"bookly-form-69e36d4825c16\" class=\"bookly-form\" data-form_id=\"69e36d4825c16\">\n    <div style=\"text-align: center\"><img src=\"https:\/\/testen-queichheim.de\/wp-includes\/js\/tinymce\/skins\/lightgray\/img\/loader.gif\" alt=\"Wird geladen ...\"\/><\/div>\n<\/div>\n<script type=\"text\/javascript\">\n    (function (win, fn) {\n        var done = false, top = true,\n            doc = win.document,\n            root = doc.documentElement,\n            modern = doc.addEventListener,\n            add = modern ? 'addEventListener' : 'attachEvent',\n            rem = modern ? 'removeEventListener' : 'detachEvent',\n            pre = modern ? '' : 'on',\n            init = function(e) {\n                if (e.type == 'readystatechange') if (doc.readyState != 'complete') return;\n                (e.type == 'load' ? win : doc)[rem](pre + e.type, init, false);\n                if (!done) { done = true; fn.call(win, e.type || e); }\n            },\n            poll = function() {\n                try { root.doScroll('left'); } catch(e) { setTimeout(poll, 50); return; }\n                init('poll');\n            };\n        if (doc.readyState == 'complete') fn.call(win, 'lazy');\n        else {\n            if (!modern) if (root.doScroll) {\n                try { top = !win.frameElement; } catch(e) { }\n                if (top) poll();\n            }\n            doc[add](pre + 'DOMContentLoaded', init, false);\n            doc[add](pre + 'readystatechange', init, false);\n            win[add](pre + 'load', init, false);\n        }\n    })(window, function() {\n        window.bookly( {\"form_id\":\"69e36d4825c16\",\"status\":{\"booking\":\"new\"},\"skip_steps\":{\"service_part1\":0,\"service_part2\":0,\"extras\":1,\"time\":0,\"repeat\":1,\"cart\":1},\"errors\":{\"session_error\":\"Session-Fehler.\",\"form_id_error\":\"Formular-ID Fehler.\",\"cart_item_not_available\":\"Die eingestellte Zeit ist nicht mehr vorhanden. Bitte w\\u00e4hlen Sie ein anderes Zeitfenster\\n.\",\"pay_locally_not_available\":\"Vor Ort zahlen ist nicht verf\\u00fcgbar.\",\"invalid_gateway\":\"Ung\\u00fcltiger Zugang.\",\"payment_error\":\"Fehler.\",\"incorrect_username_password\":\"Der Benutzername oder das Passwort ist falsch.\"},\"form_attributes\":{\"hide_categories\":false,\"hide_services\":false,\"hide_staff_members\":false,\"show_number_of_persons\":false,\"hide_service_duration\":true,\"hide_locations\":true,\"hide_quantity\":true,\"hide_date\":false,\"hide_week_days\":false,\"hide_time_range\":false},\"use_client_time_zone\":0,\"firstDay\":1,\"date_format\":\"d. mmmm yyyy\",\"defaults\":{\"service_id\":0,\"staff_id\":0,\"location_id\":0,\"category_id\":0},\"facebook\":{\"enabled\":0,\"appId\":\"\"}} );\n    });\n<\/script><\/div>\n\n\n\n<p><\/p>\n","protected":false},"excerpt":{"rendered":"<p>Um Ihnen kurze Wartezeiten zu erm\u00f6glichen, k\u00f6nnen Sie einen Termin vereinbaren und werden dann bevorzugt getestet. \u00dcber die Weihnachtsfeiertage gelten auch hier im Kalender die Sonder\u00f6ffnungszeiten. Unsere regul\u00e4ren \u00d6ffnungszeiten au\u00dferhalb der Feiertage k\u00f6nnen Sie der Willkommens Seite entnehmen.<\/p>\n","protected":false},"author":1,"featured_media":0,"parent":0,"menu_order":0,"comment_status":"closed","ping_status":"closed","template":"","meta":[],"_links":{"self":[{"href":"https:\/\/testen-queichheim.de\/index.php?rest_route=\/wp\/v2\/pages\/75"}],"collection":[{"href":"https:\/\/testen-queichheim.de\/index.php?rest_route=\/wp\/v2\/pages"}],"about":[{"href":"https:\/\/testen-queichheim.de\/index.php?rest_route=\/wp\/v2\/types\/page"}],"author":[{"embeddable":true,"href":"https:\/\/testen-queichheim.de\/index.php?rest_route=\/wp\/v2\/users\/1"}],"replies":[{"embeddable":true,"href":"https:\/\/testen-queichheim.de\/index.php?rest_route=%2Fwp%2Fv2%2Fcomments&post=75"}],"version-history":[{"count":4,"href":"https:\/\/testen-queichheim.de\/index.php?rest_route=\/wp\/v2\/pages\/75\/revisions"}],"predecessor-version":[{"id":107,"href":"https:\/\/testen-queichheim.de\/index.php?rest_route=\/wp\/v2\/pages\/75\/revisions\/107"}],"wp:attachment":[{"href":"https:\/\/testen-queichheim.de\/index.php?rest_route=%2Fwp%2Fv2%2Fmedia&parent=75"}],"curies":[{"name":"wp","href":"https:\/\/api.w.org\/{rel}","templated":true}]}}